{"id":554,"date":"2018-07-05T14:27:47","date_gmt":"2018-07-05T14:27:47","guid":{"rendered":"http:\/\/ginas.sebcreativos.net\/?page_id=554"},"modified":"2018-07-12T06:53:54","modified_gmt":"2018-07-12T06:53:54","slug":"politica-de-privacidad","status":"publish","type":"page","link":"https:\/\/ginas-curtain.com\/es\/politica-de-privacidad\/","title":{"rendered":"Pol\u00edtica de Privacidad"},"content":{"rendered":"<h4>1) Protecci\u00f3n de datos personales<\/h4>\n<p>Esta Pol\u00edtica de privacidad ha sido desarrollada teniendo en cuenta las disposiciones de la Ley Org\u00e1nica 15\/1999, de 13 de diciembre, de Protecci\u00f3n de Datos Personales, y las Recomendaciones 2\/2001, de 17 de mayo y 1\/1999, de 23 de febrero, emitidas por el Grupo de trabajo Art\u00edculo 29 de la Comisi\u00f3n Europea. conformidad con la Directiva 95\/46 \/ CE del Parlamento Europeo y del Consejo, de 24 de octubre.<\/p>\n<p>Este sitio web no recopila ni transfiere ninguna informaci\u00f3n personal a terceros sin el conocimiento previo y real de los usuarios.<\/p>\n<p>&nbsp;<\/p>\n<h4>2) Buz\u00f3n de contacto<\/h4>\n<p>Los datos personales proporcionados por correo electr\u00f3nico al utilizar el formulario disponible en la secci\u00f3n Contacto se registran en info@ginas-fashion.com para responder consultas y proporcionar la informaci\u00f3n requerida por los usuarios de la secci\u00f3n Contacto.<\/p>\n<p>Los datos personales solicitados a los usuarios solo consistir\u00e1n en datos estrictamente necesarios para identificar a los usuarios y proporcionar el servicio solicitado. Dicha informaci\u00f3n se procesar\u00e1 con el \u00fanico prop\u00f3sito de proporcionar una respuesta efectiva y cumplir con los fines para los cuales se proporcion\u00f3 la informaci\u00f3n.<\/p>\n<p>El usuario ser\u00e1 informado de los puntos regulados por esta pol\u00edtica antes de la recopilaci\u00f3n de los datos, a fin de que puedan dar su consentimiento expreso, preciso e inequ\u00edvoco para el procesamiento de sus datos de acuerdo con el prop\u00f3sito espec\u00edfico, declarado y leg\u00edtimo indicado en cada caso.<\/p>\n<p>Los datos personales proporcionados por el usuario a trav\u00e9s del formulario web correspondiente, o por correo electr\u00f3nico, se incorporar\u00e1n a un archivo debidamente registrado en el registro p\u00fablico de la autoridad supervisora \u200b\u200bcompetente, y para el cual ginas-fashion es responsable.<\/p>\n<p>El buz\u00f3n de correo electr\u00f3nico de contacto del sitio web es \u00fanicamente para fines informativos, y en ning\u00fan caso, las posibles respuestas tienen alg\u00fan tipo de efecto legal vinculante.<\/p>\n<p>&nbsp;<\/p>\n<h4>3) Recolecci\u00f3n de datos estad\u00edsticos<\/h4>\n<p>Este sitio no recopila ni almacena los datos personales de sus visitantes.<\/p>\n<p>El n\u00famero de visitas, junto con la actividad de los visitantes del sitio web y la frecuencia de uso, pueden analizarse, \u00fanicamente para proporcionar el mejor servicio posible a trav\u00e9s de esta p\u00e1gina y facilitar su uso.<\/p>\n<p>Esta informaci\u00f3n permite el an\u00e1lisis de la frecuencia de uso de nuestro sitio web. ginas-fashion.com no utiliza cookies para recopilar informaci\u00f3n del usuario del sitio o registrar direcciones IP de los usuarios.<\/p>\n<p>Estos datos se utilizan con el \u00fanico fin de obtener informaci\u00f3n estad\u00edstica an\u00f3nima sobre el uso del sitio web, o para verificar el correcto funcionamiento t\u00e9cnico del sitio web, y se eliminan inmediatamente despu\u00e9s de la verificaci\u00f3n, sin perjuicio de las obligaciones establecidas por la Ley 34\/2002 de 11 de julio sobre servicios de la sociedad de la informaci\u00f3n y comercio electr\u00f3nico.<\/p>\n<p>&nbsp;<\/p>\n<h4>4) Enlaces<\/h4>\n<p>Esta pol\u00edtica de privacidad solo se aplica al sitio web que pertenece a ginas-fashion. No cubre el acceso a trav\u00e9s de enlaces a este sitio o enlaces desde este sitio a otros sitios web.<\/p>\n<p>&nbsp;<\/p>\n<h4>5) Derecho de acceso, oposici\u00f3n, rectificaci\u00f3n y cancelaci\u00f3n<\/h4>\n<p>Las partes interesadas pueden ejercer sus derechos de acceso, rectificaci\u00f3n, cancelaci\u00f3n y oposici\u00f3n regulados en los art\u00edculos 15 y siguientes de la Ley 15\/1999, de 13 de diciembre, de Protecci\u00f3n de Datos Personales. Las partes interesadas tambi\u00e9n pueden revocar el consentimiento para el procesamiento de datos enviando una comunicaci\u00f3n por escrito a ginas-fashion, a la siguiente direcci\u00f3n: La Rosa n\u00ba. 90, 29649 La Cala de Mijas M\u00e1laga, o enviando un correo electr\u00f3nico a info [at] @ginas-fashion.com (se indica [at] en lugar de @ para evitar el correo no deseado), indicando el derecho que desean ejercer.<\/p>\n<p>&nbsp;<\/p>\n<h4>6) Seguridad<\/h4>\n<p>Las medidas de seguridad tomadas por ginas-fashion\u00a0 son adecuadas al nivel requerido para los datos que el usuario proporciona, de acuerdo con lo establecido en el Art\u00edculo 9 de la Ley 15\/1999, de 13 de diciembre, de Protecci\u00f3n de Datos Personales y las normas que lo implementan, aprobado por Real Decreto. 1720\/2007 de 21 de diciembre.<\/p>\n<p>&nbsp;<\/p>\n<h4>7) Registro general de protecci\u00f3n de datos<\/h4>\n<p>De acuerdo con el art\u00edculo 14 de la Ley 15\/1999, cualquier persona es libre de ejercer su derecho a consultar el Registro General de Protecci\u00f3n de Datos para conocer la existencia de procesamiento de datos personales, el prop\u00f3sito de dicho procesamiento y la identidad del controlador de archivos.<\/p>\n<p>Los datos personales incluidos en este cat\u00e1logo no se pueden procesar ni utilizar para fines que no sean los fines espec\u00edficos de esta publicaci\u00f3n.<\/p>\n<p>Se proh\u00edbe la reproducci\u00f3n total o parcial, incluida la transferencia a cualquier medio de almacenamiento, sin la autorizaci\u00f3n expresa de la Agencia Espa\u00f1ola de Protecci\u00f3n de Datos.<\/p>\n","protected":false},"excerpt":{"rendered":"<p>1) Protecci\u00f3n de datos personales Esta Pol\u00edtica de privacidad ha sido desarrollada teniendo en cuenta las disposiciones de la Ley Org\u00e1nica 15\/1999, de 13 de diciembre, de Protecci\u00f3n de Datos Personales, y las Recomendaciones 2\/2001, de 17 de mayo y 1\/1999, de 23 de febrero, emitidas por el Grupo de trabajo Art\u00edculo 29 de la [&hellip;]<\/p>\n","protected":false},"author":1,"featured_media":0,"parent":0,"menu_order":0,"comment_status":"closed","ping_status":"closed","template":"","meta":{"footnotes":""},"_links":{"self":[{"href":"https:\/\/ginas-curtain.com\/es\/wp-json\/wp\/v2\/pages\/554"}],"collection":[{"href":"https:\/\/ginas-curtain.com\/es\/wp-json\/wp\/v2\/pages"}],"about":[{"href":"https:\/\/ginas-curtain.com\/es\/wp-json\/wp\/v2\/types\/page"}],"author":[{"embeddable":true,"href":"https:\/\/ginas-curtain.com\/es\/wp-json\/wp\/v2\/users\/1"}],"replies":[{"embeddable":true,"href":"https:\/\/ginas-curtain.com\/es\/wp-json\/wp\/v2\/comments?post=554"}],"version-history":[{"count":0,"href":"https:\/\/ginas-curtain.com\/es\/wp-json\/wp\/v2\/pages\/554\/revisions"}],"wp:attachment":[{"href":"https:\/\/ginas-curtain.com\/es\/wp-json\/wp\/v2\/media?parent=554"}],"curies":[{"name":"wp","href":"https:\/\/api.w.org\/{rel}","templated":true}]}}